{"id":5851,"date":"2023-03-15T18:02:52","date_gmt":"2023-03-15T18:02:52","guid":{"rendered":"https:\/\/espaciopropiopsicologia.com\/?page_id=5851"},"modified":"2025-03-13T15:22:54","modified_gmt":"2025-03-13T15:22:54","slug":"aviso-legal","status":"publish","type":"page","link":"https:\/\/espaciopropiopsicologia.com\/index.php\/aviso-legal\/","title":{"rendered":"Aviso legal"},"content":{"rendered":"\t\t<div data-elementor-type=\"wp-page\" data-elementor-id=\"5851\" class=\"elementor elementor-5851\">\n\t\t\t\t\t\t<section class=\"elementor-section elementor-top-section elementor-element elementor-element-45c627d elementor-section-boxed elementor-section-height-default elementor-section-height-default qodef-elementor-content-no\" data-id=\"45c627d\" data-element_type=\"section\">\n\t\t\t\t\t\t<div class=\"elementor-container elementor-column-gap-default\">\n\t\t\t\t\t<div class=\"elementor-column elementor-col-100 elementor-top-column elementor-element elementor-element-e20b262\" data-id=\"e20b262\" data-element_type=\"column\">\n\t\t\t<div class=\"elementor-widget-wrap elementor-element-populated\">\n\t\t\t\t\t\t<div class=\"elementor-element elementor-element-92896bd elementor-widget elementor-widget-text-editor\" data-id=\"92896bd\" data-element_type=\"widget\" data-widget_type=\"text-editor.default\">\n\t\t\t\t<div class=\"elementor-widget-container\">\n\t\t\t\t\t\t\t\t\t<p><b>Datos Identificativos del Titular de la P\u00e1gina Web:<br><\/b>De conformidad con la&nbsp;&nbsp;Ley 34\/2002, del 11 de julio, de Servicios de la Sociedad de la Informaci\u00f3n y Comercio Electr\u00f3nico (LSSICE).<br>Obligaciones de informaci\u00f3n general establecidas en el art\u00edculo 10 de la LSSI.<\/p><p><br>La presente pol\u00edtica regula el acceso y el uso del sitio Web propiedad de:<\/p><p>Raz\u00f3n Social: ESPACIO PROPIO PSICOLOGIA SLP&nbsp;<\/p><p>CIF: B44609097&nbsp;<\/p><p>Direcci\u00f3n: CALLE DE MEJICO 15, LOCAL 1, 28028 MADRID&nbsp;<\/p><p>E-Mail: espaciopropiopsicologia@gmail.com<\/p><p>Inscrita en el Registro mercantil de Madrid con los siguientes datos registrales: Tomo 44789, Folio 100, secci\u00f3n 8, hoja 788578.<\/p><p><b>Propiedad intelectual e industrial<br><\/b>El dise\u00f1o del portal y sus c\u00f3digos fuentes, as\u00ed como los logos y dem\u00e1s signos distintivos que aparecen en el mismo pertenecen al titular de la web y est\u00e1n protegidos por los correspondientes derechos de propiedad intelectual e industrial.<\/p><p><b>Responsabilidad de los contenidos<br><\/b>ESPACIO PROPIO PSICOLOGIA SLP no se hace responsable de la legalidad de otros sitios web de terceros desde los que se pueda acceder al portal. Tampoco responde por la legalidad de otros sitios web de terceros que pudieran estar vinculados o enlazados desde este portal.<\/p><p>El titular se reserva el derecho a realizar cambios en el sitio web sin previo aviso, al objeto de mantener actualizada su informaci\u00f3n a\u00f1adiendo, modificando, corrigiendo o eliminando los contenidos publicados o el dise\u00f1o del portal.<\/p><p>El titular no ser\u00e1 responsable del uso que terceros hagan de la informaci\u00f3n publicada en el portal, ni tampoco de los da\u00f1os sufridos o p\u00e9rdidas econ\u00f3micas que, de forma directa o indirecta produzcan o puedan producir prejuicios econ\u00f3micos, materiales o sobre datos provocados por el uso de la citada informaci\u00f3n.<\/p><p><br><b>Reproducci\u00f3n de contenidos<br><\/b>Se proh\u00edbe la reproducci\u00f3n total o parcial de los contenidos publicados en la web.<\/p><p><b>Ley aplicable<br><\/b>La ley aplicable en caso de disputa o conflicto de interpretaci\u00f3n de los t\u00e9rminos que conforman esta pol\u00edtica, as\u00ed como cualquier cuesti\u00f3n relacionada con los servicios del presente portal, ser\u00e1 la ley espa\u00f1ola.<\/p>\t\t\t\t\t\t\t\t<\/div>\n\t\t\t\t<\/div>\n\t\t\t\t\t<\/div>\n\t\t<\/div>\n\t\t\t\t\t<\/div>\n\t\t<\/section>\n\t\t\t\t<\/div>\n\t\t","protected":false},"excerpt":{"rendered":"<p>Datos Identificativos del Titular de la P\u00e1gina Web:De conformidad con la&nbsp;&nbsp;Ley 34\/2002, del 11 de julio, de Servicios de la Sociedad de la Informaci\u00f3n y Comercio Electr\u00f3nico (LSSICE).Obligaciones de informaci\u00f3n general establecidas en el art\u00edculo 10 de la LSSI. La presente pol\u00edtica regula el acceso y el uso del sitio Web propiedad de: Raz\u00f3n Social: [&hellip;]<\/p>\n","protected":false},"author":1,"featured_media":0,"parent":0,"menu_order":0,"comment_status":"closed","ping_status":"closed","template":"","meta":{"_joinchat":[],"footnotes":""},"class_list":["post-5851","page","type-page","status-publish","hentry"],"_links":{"self":[{"href":"https:\/\/espaciopropiopsicologia.com\/index.php\/wp-json\/wp\/v2\/pages\/5851","targetHints":{"allow":["GET"]}}],"collection":[{"href":"https:\/\/espaciopropiopsicologia.com\/index.php\/wp-json\/wp\/v2\/pages"}],"about":[{"href":"https:\/\/espaciopropiopsicologia.com\/index.php\/wp-json\/wp\/v2\/types\/page"}],"author":[{"embeddable":true,"href":"https:\/\/espaciopropiopsicologia.com\/index.php\/wp-json\/wp\/v2\/users\/1"}],"replies":[{"embeddable":true,"href":"https:\/\/espaciopropiopsicologia.com\/index.php\/wp-json\/wp\/v2\/comments?post=5851"}],"version-history":[{"count":0,"href":"https:\/\/espaciopropiopsicologia.com\/index.php\/wp-json\/wp\/v2\/pages\/5851\/revisions"}],"wp:attachment":[{"href":"https:\/\/espaciopropiopsicologia.com\/index.php\/wp-json\/wp\/v2\/media?parent=5851"}],"curies":[{"name":"wp","href":"https:\/\/api.w.org\/{rel}","templated":true}]}}